{"id":198,"date":"2024-01-14T14:51:09","date_gmt":"2024-01-14T13:51:09","guid":{"rendered":"http:\/\/seychelles-pet-haven-germany.de\/?page_id=198"},"modified":"2024-01-14T15:05:22","modified_gmt":"2024-01-14T14:05:22","slug":"impressum","status":"publish","type":"page","link":"https:\/\/seychelles-pet-haven-germany.de\/en\/impressum\/","title":{"rendered":"Impressum"},"content":{"rendered":"<p><\/p>\n\n\n\n<p><strong>Angaben gem\u00e4\u00df \u00a7 5 TMG:<\/strong><\/p>\n\n\n\n<p>Seychelles Pet Haven Germany<br>Landgrabenstra\u00dfe 62<br>76135 Karlsruhe<br>Deutschland<\/p>\n\n\n\n<p><strong>Kontakt:<\/strong><br>Telefon: 0049 174 3340273<br>E-Mail: <a href=\"mailto:seypethavengermany@email.de\" target=\"_blank\" rel=\"noreferrer noopener\">seypethavengermany@email.de<\/a><\/p>\n\n\n\n<p>Steuernummer: 35022\/77509<br>Vereinsregisternummer: VR702974<br>Registergericht: Amtsgericht Mannheim<\/p>\n\n\n\n<p><strong>Gemeinn\u00fctzigkeit<\/strong>:<br>Der Verein ist gemeinn\u00fctzig und f\u00f6rdert mildt\u00e4tige Zwecke gem\u00e4\u00df \u00a7 52 Abs. 2 Satz 1 Nr. 14 AO. Spenden sind steuerlich absetzbar.<\/p>\n\n\n\n<p><strong>Vertretungsberechtigter Vorstand:<\/strong><\/p>\n\n\n\n<p>Vorstand: Marianne Metzmaier<br>Vorstand: Immanuel Munz<\/p>\n\n\n\n<p>Inhaltlich Verantwortliche gem\u00e4\u00df \u00a7 55 Abs. 2 RStV:<br>Marianne Metzmaier (Anschrift wie oben)<\/p>\n\n\n\n<p><strong>Urheberrechtliche Hinweise:<br><\/strong>Fotos: Marion Flemming, <a href=\"http:\/\/www.marionflemming.de\/\">www.marionflemming.de<\/a><br>Webdesign: Kalina Iwanowa, <a href=\"http:\/\/www.graphikali.com\/\">www.graphikali.com<\/a><\/p>\n\n\n\n<p>Die durch die Seitenbetreiber erstellten Inhalte und Werke auf diesen Seiten unterliegen dem deutschen Urheberrecht. Die Vervielf\u00e4ltigung, Bearbeitung, Verbreitung und jede Art der Verwertung au\u00dferhalb der Grenzen des Urheberrechtes bed\u00fcrfen der schriftlichen Zustimmung des jeweiligen Autors bzw. Erstellers. Downloads und Kopien dieser Seite sind nur f\u00fcr den privaten, nicht kommerziellen Gebrauch gestattet.<\/p>\n\n\n\n<p>Soweit die Inhalte auf dieser Seite nicht vom Betreiber erstellt wurden, werden die Urheberrechte Dritter beachtet. Insbesondere werden Inhalte Dritter als solche gekennzeichnet. Sollten Sie trotzdem auf eine Urheberrechtsverletzung aufmerksam werden, bitten wir um einen entsprechenden Hinweis. Bei Bekanntwerden von Rechtsverletzungen werden wir derartige Inhalte umgehend entfernen.<\/p>\n\n\n\n<p><strong>Haftungshinweis:<\/strong><br>Trotz sorgf\u00e4ltiger inhaltlicher Kontrolle \u00fcbernehmen wir keine Haftung f\u00fcr die Inhalte externer Links. F\u00fcr den Inhalt der verlinkten Seiten sind ausschlie\u00dflich deren Betreiber verantwortlich.<\/p>\n\n\n\n<p><strong>Soziale Medien und Spenden:<\/strong><br>Dieser Internetauftritt enth\u00e4lt Verlinkungen zu unseren Profilen in sozialen Netzwerken sowie zu unserem PayPal-Spendenkonto. F\u00fcr die Inhalte und die Datenerhebung auf diesen Plattformen sind die jeweiligen Betreiber verantwortlich.<\/p>","protected":false},"excerpt":{"rendered":"<p>Angaben gem\u00e4\u00df \u00a7 5 TMG: Seychelles Pet Haven GermanyLandgrabenstra\u00dfe 6276135 KarlsruheDeutschland Kontakt:Telefon: 0049 174 3340273E-Mail: seypethavengermany@email.de Steuernummer: 35022\/77509Vereinsregisternummer: VR702974Registergericht: Amtsgericht Mannheim Gemeinn\u00fctzigkeit:Der Verein ist gemeinn\u00fctzig und f\u00f6rdert mildt\u00e4tige Zwecke gem\u00e4\u00df \u00a7 52 Abs. 2 Satz 1 Nr. 14 AO. Spenden sind steuerlich absetzbar. Vertretungsberechtigter Vorstand: Vorstand: Marianne MetzmaierVorstand: Immanuel Munz Inhaltlich Verantwortliche gem\u00e4\u00df \u00a7 55 [&hellip;]<\/p>","protected":false},"author":1,"featured_media":0,"parent":0,"menu_order":0,"comment_status":"closed","ping_status":"closed","template":"","meta":{"inline_featured_image":false,"footnotes":""},"class_list":["post-198","page","type-page","status-publish","hentry"],"_links":{"self":[{"href":"https:\/\/seychelles-pet-haven-germany.de\/en\/wp-json\/wp\/v2\/pages\/198","targetHints":{"allow":["GET"]}}],"collection":[{"href":"https:\/\/seychelles-pet-haven-germany.de\/en\/wp-json\/wp\/v2\/pages"}],"about":[{"href":"https:\/\/seychelles-pet-haven-germany.de\/en\/wp-json\/wp\/v2\/types\/page"}],"author":[{"embeddable":true,"href":"https:\/\/seychelles-pet-haven-germany.de\/en\/wp-json\/wp\/v2\/users\/1"}],"replies":[{"embeddable":true,"href":"https:\/\/seychelles-pet-haven-germany.de\/en\/wp-json\/wp\/v2\/comments?post=198"}],"version-history":[{"count":2,"href":"https:\/\/seychelles-pet-haven-germany.de\/en\/wp-json\/wp\/v2\/pages\/198\/revisions"}],"predecessor-version":[{"id":203,"href":"https:\/\/seychelles-pet-haven-germany.de\/en\/wp-json\/wp\/v2\/pages\/198\/revisions\/203"}],"wp:attachment":[{"href":"https:\/\/seychelles-pet-haven-germany.de\/en\/wp-json\/wp\/v2\/media?parent=198"}],"curies":[{"name":"wp","href":"https:\/\/api.w.org\/{rel}","templated":true}]}}