{"id":286,"date":"2025-12-31T12:39:45","date_gmt":"2025-12-31T11:39:45","guid":{"rendered":"https:\/\/seychelles-pet-haven-germany.de\/?page_id=286"},"modified":"2025-12-31T12:39:45","modified_gmt":"2025-12-31T11:39:45","slug":"pet-haven","status":"publish","type":"page","link":"https:\/\/seychelles-pet-haven-germany.de\/en\/pet-haven\/","title":{"rendered":"Pet Haven"},"content":{"rendered":"<div class=\"wp-block-cover\" style=\"margin-top:0;margin-bottom:0;padding-top:var(--wp--preset--spacing--60);padding-bottom:var(--wp--preset--spacing--60);min-height:774px;aspect-ratio:unset;\"><img loading=\"lazy\" decoding=\"async\" width=\"1024\" height=\"533\" class=\"wp-block-cover__image-background wp-image-153\" alt=\"\" src=\"http:\/\/seychelles-pet-haven-germany.de\/wp-content\/uploads\/2024\/01\/02_ueber_uns-1024x533.png\" data-object-fit=\"cover\" srcset=\"https:\/\/seychelles-pet-haven-germany.de\/wp-content\/uploads\/2024\/01\/02_ueber_uns-1024x533.png 1024w, https:\/\/seychelles-pet-haven-germany.de\/wp-content\/uploads\/2024\/01\/02_ueber_uns-300x156.png 300w, https:\/\/seychelles-pet-haven-germany.de\/wp-content\/uploads\/2024\/01\/02_ueber_uns-768x400.png 768w, https:\/\/seychelles-pet-haven-germany.de\/wp-content\/uploads\/2024\/01\/02_ueber_uns-1536x800.png 1536w, https:\/\/seychelles-pet-haven-germany.de\/wp-content\/uploads\/2024\/01\/02_ueber_uns-2048x1067.png 2048w\" sizes=\"auto, (max-width: 1024px) 100vw, 1024px\" \/><span aria-hidden=\"true\" class=\"wp-block-cover__background has-background-dim\"><\/span><div class=\"wp-block-cover__inner-container is-layout-flow wp-block-cover-is-layout-flow\">\n<div class=\"wp-block-columns is-layout-flex wp-container-core-columns-is-layout-28f84493 wp-block-columns-is-layout-flex\">\n<div class=\"wp-block-column is-layout-flow wp-block-column-is-layout-flow\" style=\"flex-basis:100%\">\n<div class=\"wp-block-columns is-layout-flex wp-container-core-columns-is-layout-28f84493 wp-block-columns-is-layout-flex\">\n<div class=\"wp-block-column is-layout-flow wp-block-column-is-layout-flow\" style=\"flex-basis:100%\">\n<div class=\"wp-block-columns is-layout-flex wp-container-core-columns-is-layout-28f84493 wp-block-columns-is-layout-flex\">\n<div class=\"wp-block-column is-layout-flow wp-block-column-is-layout-flow\" style=\"flex-basis:33.33%\">\n<h3 class=\"wp-block-heading\">Pet Haven Seychelles<\/h3>\n<\/div>\n\n\n\n<div class=\"wp-block-column is-layout-flow wp-block-column-is-layout-flow\" style=\"flex-basis:66.66%\"><\/div>\n<\/div>\n<\/div>\n<\/div>\n<\/div>\n<\/div>\n\n\n\n<div class=\"wp-block-columns is-layout-flex wp-container-core-columns-is-layout-28f84493 wp-block-columns-is-layout-flex\">\n<div class=\"wp-block-column is-layout-flow wp-block-column-is-layout-flow\" style=\"flex-basis:33.33%\">\n<p>The Pet Haven Seychelles animal shelter in the Seychelles is run by Myriam Hoareau and supported by many helpers.<\/p>\n\n\n\n<p>The shelter provides a home for approximately 250 to 300 dogs. We are committed to ensuring that these animals receive food, shelter, and care, are given medical treatment, and - whenever possible - find a safe and loving home.<\/p>\n\n\n\n<p>Our focus is not only on providing immediate help, but also on long-term solutions, such as spay and neuter programs and educational outreach.<\/p>\n<\/div>\n\n\n\n<div class=\"wp-block-column is-layout-flow wp-block-column-is-layout-flow\" style=\"flex-basis:66.66%\"><\/div>\n<\/div>\n\n\n\n<div class=\"wp-block-columns is-layout-flex wp-container-core-columns-is-layout-28f84493 wp-block-columns-is-layout-flex\">\n<div class=\"wp-block-column is-layout-flow wp-block-column-is-layout-flow\" style=\"flex-basis:33.33%\"><\/div>\n\n\n\n<div class=\"wp-block-column is-layout-flow wp-block-column-is-layout-flow\" style=\"flex-basis:66.66%\"><\/div>\n<\/div>\n<\/div><\/div>\n\n\n\n<div class=\"wp-block-columns is-layout-flex wp-container-core-columns-is-layout-28f84493 wp-block-columns-is-layout-flex\">\n<div class=\"wp-block-column is-layout-flow wp-block-column-is-layout-flow\"><\/div>\n\n\n\n<div class=\"wp-block-column is-layout-flow wp-block-column-is-layout-flow\"><\/div>\n<\/div>\n\n\n\n<div class=\"wp-block-columns is-layout-flex wp-container-core-columns-is-layout-28f84493 wp-block-columns-is-layout-flex\">\n<div class=\"wp-block-column is-layout-flow wp-block-column-is-layout-flow\">\n<figure class=\"wp-block-image size-large\" style=\"margin-right:var(--wp--preset--spacing--30);margin-left:var(--wp--preset--spacing--30)\"><img decoding=\"async\" src=\"http:\/\/seychelles-pet-haven-germany.de\/wp-content\/uploads\/2023\/12\/pethaven_logo-2.svg\" alt=\"\" class=\"wp-image-134\"\/><\/figure>\n<\/div>\n\n\n\n<div class=\"wp-block-column is-layout-flow wp-block-column-is-layout-flow\">\n<h3 class=\"wp-block-heading\" style=\"margin-right:var(--wp--preset--spacing--40);margin-left:var(--wp--preset--spacing--40)\">Seychelles Pet Haven Germany<\/h3>\n\n\n\n<p style=\"margin-right:var(--wp--preset--spacing--40);margin-left:var(--wp--preset--spacing--40)\">Seychelles Pet Haven Germany is a foundation in Germany that supports the animal shelter in the Seychelles. Our role is to responsibly support the work of Pet Haven Seychelles, including through:<\/p>\n\n\n\n<ul class=\"wp-block-list\">\n<li style=\"margin-right:var(--wp--preset--spacing--40);margin-left:var(--wp--preset--spacing--40)\">Fundraising<\/li>\n\n\n\n<li style=\"margin-right:var(--wp--preset--spacing--40);margin-left:var(--wp--preset--spacing--40)\">Support with veterinary and care costs<\/li>\n\n\n\n<li style=\"margin-right:var(--wp--preset--spacing--40);margin-left:var(--wp--preset--spacing--40)\">Sponsorships<\/li>\n\n\n\n<li style=\"margin-right:var(--wp--preset--spacing--40);margin-left:var(--wp--preset--spacing--40)\">Public relations and education<\/li>\n<\/ul>\n\n\n\n<p style=\"margin-right:var(--wp--preset--spacing--40);margin-left:var(--wp--preset--spacing--40)\">This way, we ensure that help reaches where it is urgently needed.<\/p>\n<\/div>\n<\/div>\n\n\n\n<div class=\"wp-block-columns is-layout-flex wp-container-core-columns-is-layout-28f84493 wp-block-columns-is-layout-flex\">\n<div class=\"wp-block-column is-layout-flow wp-block-column-is-layout-flow\">\n<p class=\"has-text-align-center\" style=\"margin-right:var(--wp--preset--spacing--60);margin-left:var(--wp--preset--spacing--60)\">One supporter of Pet Haven Seychelles is Duniam Anette Sinon from Ludwigshafen, who has been passionately committed to animal welfare for many years, regularly sponsors animals, and actively supports the shelter\u2019s work through donations and public outreach.<\/p>\n\n\n\n<figure class=\"wp-block-image aligncenter size-large\"><a href=\"https:\/\/www.zdf.de\/nachrichten\/hallo-deutschland\/seychellen-abenteuer-auswandern-anette-sinon-100.html\" target=\"_blank\" rel=\" noreferrer noopener\"><img loading=\"lazy\" decoding=\"async\" width=\"1024\" height=\"723\" src=\"http:\/\/seychelles-pet-haven-germany.de\/wp-content\/uploads\/2025\/04\/image-1024x723.png\" alt=\"\" class=\"wp-image-213\" srcset=\"https:\/\/seychelles-pet-haven-germany.de\/wp-content\/uploads\/2025\/04\/image-1024x723.png 1024w, https:\/\/seychelles-pet-haven-germany.de\/wp-content\/uploads\/2025\/04\/image-300x212.png 300w, https:\/\/seychelles-pet-haven-germany.de\/wp-content\/uploads\/2025\/04\/image-768x542.png 768w, https:\/\/seychelles-pet-haven-germany.de\/wp-content\/uploads\/2025\/04\/image.png 1093w\" sizes=\"auto, (max-width: 1024px) 100vw, 1024px\" \/><\/a><\/figure>\n<\/div>\n<\/div>","protected":false},"excerpt":{"rendered":"<p>Seychelles Pet Haven Germany Seychelles Pet Haven Germany ist ein Verein in Deutschland, der das Tierheim auf den Seychellen unterst\u00fctzt. Unsere Aufgabe ist es, die Arbeit von Pet Haven Seychelles verantwortungsvoll zu unterst\u00fctzen, unter anderem durch: So stellen wir sicher, dass Hilfe dort ankommt, wo sie dringend gebraucht wird. Eine Unterst\u00fctzerin von Pet Haven Seychelles [&hellip;]<\/p>","protected":false},"author":1,"featured_media":0,"parent":0,"menu_order":0,"comment_status":"closed","ping_status":"closed","template":"","meta":{"inline_featured_image":false,"footnotes":""},"class_list":["post-286","page","type-page","status-publish","hentry"],"_links":{"self":[{"href":"https:\/\/seychelles-pet-haven-germany.de\/en\/wp-json\/wp\/v2\/pages\/286","targetHints":{"allow":["GET"]}}],"collection":[{"href":"https:\/\/seychelles-pet-haven-germany.de\/en\/wp-json\/wp\/v2\/pages"}],"about":[{"href":"https:\/\/seychelles-pet-haven-germany.de\/en\/wp-json\/wp\/v2\/types\/page"}],"author":[{"embeddable":true,"href":"https:\/\/seychelles-pet-haven-germany.de\/en\/wp-json\/wp\/v2\/users\/1"}],"replies":[{"embeddable":true,"href":"https:\/\/seychelles-pet-haven-germany.de\/en\/wp-json\/wp\/v2\/comments?post=286"}],"version-history":[{"count":10,"href":"https:\/\/seychelles-pet-haven-germany.de\/en\/wp-json\/wp\/v2\/pages\/286\/revisions"}],"predecessor-version":[{"id":443,"href":"https:\/\/seychelles-pet-haven-germany.de\/en\/wp-json\/wp\/v2\/pages\/286\/revisions\/443"}],"wp:attachment":[{"href":"https:\/\/seychelles-pet-haven-germany.de\/en\/wp-json\/wp\/v2\/media?parent=286"}],"curies":[{"name":"wp","href":"https:\/\/api.w.org\/{rel}","templated":true}]}}